{"id":4371,"date":"2022-12-20T16:53:49","date_gmt":"2022-12-20T15:53:49","guid":{"rendered":"https:\/\/tienda.coinga.com\/producto\/pack-2-cunyes-formatge-mao-menorca-amb-estoig-regal-formatge-tendre-formatge-semicurat\/"},"modified":"2025-03-13T12:43:19","modified_gmt":"2025-03-13T11:43:19","slug":"pack-2-cunas-queso-mahon-menorca-con-estuche-regalo-queso-tierno-queso-semicurado","status":"publish","type":"product","link":"https:\/\/tienda.coinga.com\/ca\/producte\/pack-2-cunas-queso-mahon-menorca-con-estuche-regalo-queso-tierno-queso-semicurado\/","title":{"rendered":"Pack 2 cunyes Formatge Ma\u00f3-Menorca DOP amb Estoig Regal \u2013 Formatge Tendre + Formatge Semicurat"},"content":{"rendered":"<p>El pack de formatge Coinga amb Denominaci\u00f3 d&#8217;Origen Protegida Ma\u00f3-Menorca \u00e9s perfecte per a regalar. Formatge de llet pasteuritzada de vaca, formatge 100% natural. Certificat en Benestar Animal.<\/p>\n<p>El formatge tendre Coinga s&#8217;elabora amb un oreig de 30 dies. De sabor suau i textura cremosa, la seva pasta \u00e9s blanca i sense tot just escor\u00e7a. Rico en calci i f\u00f2sfor, \u00e9s ideal per a nens i majors. Perfecte per a gratinar o a tacs en amanides.<\/p>\n<p>El formatge semicurat Coinga madura durant 90 i 120 dies. El seu sabor \u00e9s evolucionat i persistent, amb reminisc\u00e8ncies a mantega i fruita seca torrada. De tall f\u00e0cil. \u00c9s el formatge Ma\u00f3 m\u00e9s vers\u00e0til, ideal per a tapes, gratinat, sobre pa torrat amb tom\u00e0quet o la cl\u00e0ssica torrada balear amb sobrassada calenta. Un imprescindible en les taules de formatges espanyols. <strong>Premiat en el\u00a0WORLD CHEESE AWARD.<\/strong><\/p>\n<p>Els formatges s&#8217;envien envasats al buit dins de l&#8217;estoig. Conservar en fred. Treure mitja hora abans de la nevera per al seu consum. Consumir preferentment abans de 150 dies.<\/p>\n<h6><strong>INFORMACI\u00d3N NUTRICIONAL QUESO TIERNO (x100g)<\/strong><\/h6>\n<ul>\n<li>Valor energ\u00e8tic: 365 Kcal\/1513 KJ.<\/li>\n<li>Greixos: 29 g.<\/li>\n<li>\u00c0cids grassos saturats: 20 g.<\/li>\n<li>Hidrats de Carboni: 2,7 g.<\/li>\n<li>Sucres: &lt;0,5 g.<\/li>\n<li>Prote\u00efna: 22 g.<\/li>\n<li>Sal: 2 g.<\/li>\n<\/ul>\n<h6><strong>INFORMACI\u00d3N NUTRICIONAL QUESO SEMICURADO (x100g)<\/strong><\/h6>\n<ul>\n<li>Valor energ\u00e8tic: 385 Kcal\/1596 KJ.<\/li>\n<li>Greixos: 31 g.<\/li>\n<li>\u00c0cids grassos saturats: 21 g.<\/li>\n<li>Hidrats de Carboni: 2,6 g.<\/li>\n<li>Sucres: &lt;0,5 g.<\/li>\n<li>Prote\u00efna: 25 g.<\/li>\n<li>Sal: 2,4 g.<\/li>\n<li>Calci: 740 mg.<\/li>\n<\/ul>\n<p>&nbsp;<\/p>\n<p>&nbsp;<\/p>\n<p>&nbsp;<\/p>\n","protected":false},"excerpt":{"rendered":"<p>Aquest pack Gurmet inclou 1 cunya de formatge tendre Coinga d&#8217;uns 250 gr i 1 cunya de formatge semicurat Coinga de 225 gr aprox. + estoig de regal. Formatge amb Denominaci\u00f3 d&#8217;Origen Protegida Ma\u00f3-Menorca elaborat amb llet pasteuritzada de vaca de les granges de l&#8217;illa. 100% natural. <strong>Premiat en el\u00a0WORLD CHEESE AWARD.<\/strong><strong><br \/>\n<strong>Peso Neto: 475 g Aprox. <\/strong><\/strong><\/p>\n<p><img loading=\"lazy\" decoding=\"async\" class=\"alignnone wp-image-3396\" src=\"\/wp-content\/uploads\/2021\/02\/100-natural-300x276.png\" alt=\"Queso natural Coinga\" width=\"60\" height=\"55\" srcset=\"https:\/\/tienda.coinga.com\/wp-content\/uploads\/2021\/02\/100-natural-300x276.png 300w, https:\/\/tienda.coinga.com\/wp-content\/uploads\/2021\/02\/100-natural.png 348w\" sizes=\"(max-width: 60px) 100vw, 60px\" \/><img loading=\"lazy\" decoding=\"async\" class=\"alignnone wp-image-3390\" src=\"\/wp-content\/uploads\/2021\/02\/crdo-queso-mahon-coinga-ecommerce.png\" alt=\"consejo regulador queso denominacion origen\" width=\"60\" height=\"60\" srcset=\"https:\/\/tienda.coinga.com\/wp-content\/uploads\/2021\/02\/crdo-queso-mahon-coinga-ecommerce.png 150w, https:\/\/tienda.coinga.com\/wp-content\/uploads\/2021\/02\/crdo-queso-mahon-coinga-ecommerce-100x100.png 100w, https:\/\/tienda.coinga.com\/wp-content\/uploads\/2021\/02\/crdo-queso-mahon-coinga-ecommerce-140x140.png 140w\" sizes=\"(max-width: 60px) 100vw, 60px\" \/><img loading=\"lazy\" decoding=\"async\" class=\"alignnone wp-image-3391\" src=\"\/wp-content\/uploads\/2021\/02\/dop-coinga-ecommerce.png\" alt=\"queso denominacion origen\" width=\"60\" height=\"60\" srcset=\"https:\/\/tienda.coinga.com\/wp-content\/uploads\/2021\/02\/dop-coinga-ecommerce.png 150w, https:\/\/tienda.coinga.com\/wp-content\/uploads\/2021\/02\/dop-coinga-ecommerce-100x100.png 100w, https:\/\/tienda.coinga.com\/wp-content\/uploads\/2021\/02\/dop-coinga-ecommerce-140x140.png 140w\" sizes=\"(max-width: 60px) 100vw, 60px\" \/><a href=\"https:\/\/tienda.coinga.com\/wp-content\/uploads\/2025\/02\/world-cheese-award-coinga-2024-25-e1741259011176.png\"><img loading=\"lazy\" decoding=\"async\" class=\"alignnone wp-image-4626\" src=\"https:\/\/tienda.coinga.com\/wp-content\/uploads\/2025\/02\/world-cheese-award-coinga-2024-25-e1741259011176.png\" alt=\"\" width=\"54\" height=\"58\" \/><\/a><\/p>\n","protected":false},"featured_media":4366,"comment_status":"closed","ping_status":"closed","template":"","meta":[],"product_cat":[117,118,117,118,118,117,119,119,119,121,121,121],"product_tag":[156,160,171,159,172,157,157,159,157,158,158,158,161,161,161,156,156,160,159,160],"class_list":{"0":"post-4371","1":"product","2":"type-product","3":"status-publish","4":"has-post-thumbnail","6":"product_cat-formatges","7":"product_cat-formatge-mahon-menorca-llet-pasteuritzada","12":"product_cat-semicurat","15":"product_cat-tendre","18":"product_tag-formatge","19":"product_tag-formatge-semicurat","20":"product_tag-formatge-tendre","21":"product_tag-formatgemao","22":"product_tag-lot","23":"product_tag-mao","27":"product_tag-menorca-ca","30":"product_tag-pack-ca"},"_links":{"self":[{"href":"https:\/\/tienda.coinga.com\/ca\/wp-json\/wp\/v2\/product\/4371"}],"collection":[{"href":"https:\/\/tienda.coinga.com\/ca\/wp-json\/wp\/v2\/product"}],"about":[{"href":"https:\/\/tienda.coinga.com\/ca\/wp-json\/wp\/v2\/types\/product"}],"replies":[{"embeddable":true,"href":"https:\/\/tienda.coinga.com\/ca\/wp-json\/wp\/v2\/comments?post=4371"}],"wp:featuredmedia":[{"embeddable":true,"href":"https:\/\/tienda.coinga.com\/ca\/wp-json\/wp\/v2\/media\/4366"}],"wp:attachment":[{"href":"https:\/\/tienda.coinga.com\/ca\/wp-json\/wp\/v2\/media?parent=4371"}],"wp:term":[{"taxonomy":"product_cat","embeddable":true,"href":"https:\/\/tienda.coinga.com\/ca\/wp-json\/wp\/v2\/product_cat?post=4371"},{"taxonomy":"product_tag","embeddable":true,"href":"https:\/\/tienda.coinga.com\/ca\/wp-json\/wp\/v2\/product_tag?post=4371"}],"curies":[{"name":"wp","href":"https:\/\/api.w.org\/{rel}","templated":true}]}}