{"id":4368,"date":"2022-12-20T17:40:43","date_gmt":"2022-12-20T16:40:43","guid":{"rendered":"https:\/\/tienda.coinga.com\/producto\/pack-2-cunyes-formatge-mao-menorca-amb-estoig-regalo-formatge-semicurat-formatge-curat\/"},"modified":"2025-03-13T12:43:15","modified_gmt":"2025-03-13T11:43:15","slug":"pack-2-cunyes-formatge-mao-menorca-amb-estoig-regalo-formatge-semicurat-formatge-curat","status":"publish","type":"product","link":"https:\/\/tienda.coinga.com\/ca\/producte\/pack-2-cunyes-formatge-mao-menorca-amb-estoig-regalo-formatge-semicurat-formatge-curat\/","title":{"rendered":"Pack 2 cunyes formatge Ma\u00f3-Menorca DOP amb estoig regal &#8211; formatge semicurat + formatge curat"},"content":{"rendered":"<p>El pack de formatge Coinga amb Denominaci\u00f3 d&#8217;Origen Protegida Ma\u00f3-Menorca \u00e9s perfecte per regalar. Formatge de llet pasteuritzada de vaca, formatge 100% natural. Certificat en Benestar Animal. El formatge semicurat Coinga madura durant 90 i 120 dies. El seu sabor \u00e9s evolucionat i persistent, amb reminisc\u00e8ncies a mantega i fruita seca torrada. De tall f\u00e0cil. \u00c9s el formatge Ma\u00f3 m\u00e9s vers\u00e0til, ideal per a tapes, gratinat, sobre pa torrat amb tom\u00e0quet o la cl\u00e0ssica torrada balear amb sobrassada calenta. Un imprescindible en les taules de formatges espanyols. El formatge curat Coinga madura entre 180 i 240 dies aconseguint un sabor intens i arom\u00e0tic amb records a cuir i fusta envellida. La pasta \u00e9s ferma, consistent i descobreix, al tall, una superf\u00edcie lleugerament rugosa i de brillantor suau. Una del\u00edcia per als amants del formatge. Ideal com a aperitiu o postres, acompanyat amb fruita seca o fruites dolces, molt millor en companyia. <strong>Premiat en el\u00a0WORLD CHEESE AWARD.<\/strong><\/p>\n<p>Els formatges s&#8217;envien envasats al buit dins de l&#8217;estoig. Conservar en fred. Treure mitja hora abans de la nevera per al seu consum. Consumir preferentment abans de 150 dies.<\/p>\n<p>INFORMACI\u00d3 NUTRICIONAL FORMATGE CURAT (x100g)<br \/>\nValor energ\u00e8tic: 438\u00a0Kcal\/1817\u00a0KJ.<br \/>\nGreixos: 35,5 g.<br \/>\n\u00c0cids grassos saturats: 25 g.<br \/>\nHidrats de Carboni: 2,7 g.<br \/>\nSucres: &lt;0,5 g.<br \/>\nProte\u00efna: 26,9 g.<br \/>\nSal: 2 g.<br \/>\nCalci: 820 mg.<\/p>\n<p>INFORMACI\u00d3 NUTRICIONAL FORMATGE SEMICURAT (x100g)<br \/>\nValor energ\u00e8tic: 385\u00a0Kcal\/1596\u00a0KJ.<br \/>\nGreixos: 31 g.<br \/>\n\u00c0cids grassos saturats: 21 g.<br \/>\nHidrats de Carboni: 2,6 g.<br \/>\nSucres: &lt;0,5 g.<br \/>\nProte\u00efna: 25 g.<br \/>\nSal: 2,4 g.<br \/>\nCalci: 740 mg.<\/p>\n","protected":false},"excerpt":{"rendered":"<p>Aquest pack Gurmet inclou 1 cunya de formatge semicurat Coinga de 225 gr aprox. i 1 cunya de formatge curat Coinga de 200 gr aprox. + estoig de regal. Formatge amb Denominaci\u00f3 d&#8217;Origen Protegida Ma\u00f3-Menorca elaborat amb llet pasteuritzada de vaca de les granges de l&#8217;illa. 100% natural. <strong>Premiat en el\u00a0WORLD CHEESE AWARD.<\/strong><\/p>\n<p><strong>Pes Net: 425 g Aprox.<\/strong><\/p>\n<p><img loading=\"lazy\" decoding=\"async\" class=\"alignnone wp-image-3396\" src=\"\/wp-content\/uploads\/2021\/02\/100-natural-300x276.png\" alt=\"Queso natural Coinga\" width=\"60\" height=\"55\" srcset=\"https:\/\/tienda.coinga.com\/wp-content\/uploads\/2021\/02\/100-natural-300x276.png 300w, https:\/\/tienda.coinga.com\/wp-content\/uploads\/2021\/02\/100-natural.png 348w\" sizes=\"(max-width: 60px) 100vw, 60px\" \/><img loading=\"lazy\" decoding=\"async\" class=\"alignnone wp-image-3390\" src=\"\/wp-content\/uploads\/2021\/02\/crdo-queso-mahon-coinga-ecommerce.png\" alt=\"consejo regulador queso denominacion origen\" width=\"60\" height=\"60\" srcset=\"https:\/\/tienda.coinga.com\/wp-content\/uploads\/2021\/02\/crdo-queso-mahon-coinga-ecommerce.png 150w, https:\/\/tienda.coinga.com\/wp-content\/uploads\/2021\/02\/crdo-queso-mahon-coinga-ecommerce-100x100.png 100w, https:\/\/tienda.coinga.com\/wp-content\/uploads\/2021\/02\/crdo-queso-mahon-coinga-ecommerce-140x140.png 140w\" sizes=\"(max-width: 60px) 100vw, 60px\" \/><img loading=\"lazy\" decoding=\"async\" class=\"alignnone wp-image-3391\" src=\"\/wp-content\/uploads\/2021\/02\/dop-coinga-ecommerce.png\" alt=\"queso denominacion origen\" width=\"60\" height=\"60\" srcset=\"https:\/\/tienda.coinga.com\/wp-content\/uploads\/2021\/02\/dop-coinga-ecommerce.png 150w, https:\/\/tienda.coinga.com\/wp-content\/uploads\/2021\/02\/dop-coinga-ecommerce-100x100.png 100w, https:\/\/tienda.coinga.com\/wp-content\/uploads\/2021\/02\/dop-coinga-ecommerce-140x140.png 140w\" sizes=\"(max-width: 60px) 100vw, 60px\" \/><a href=\"https:\/\/tienda.coinga.com\/wp-content\/uploads\/2025\/02\/world-cheese-award-coinga-2024-25-e1741259011176.png\"><img loading=\"lazy\" decoding=\"async\" class=\"alignnone wp-image-4626\" src=\"https:\/\/tienda.coinga.com\/wp-content\/uploads\/2025\/02\/world-cheese-award-coinga-2024-25-e1741259011176.png\" alt=\"\" width=\"54\" height=\"58\" \/><\/a><\/p>\n","protected":false},"featured_media":4362,"comment_status":"closed","ping_status":"closed","template":"","meta":[],"product_cat":[117,120,120,118,117,120,118,118,117,119,119,119],"product_tag":[163,163,163,156,160,159,157,157,159,157,158,158,158,161,161,161,156,203,203,203,160,159,160],"class_list":{"0":"post-4368","1":"product","2":"type-product","3":"status-publish","4":"has-post-thumbnail","6":"product_cat-formatges","7":"product_cat-curat","9":"product_cat-formatge-mahon-menorca-llet-pasteuritzada","15":"product_cat-semicurat","18":"product_tag-coinga-ca","21":"product_tag-formatge","22":"product_tag-formatge-semicurat","23":"product_tag-formatgemao","24":"product_tag-mao","28":"product_tag-menorca-ca","31":"product_tag-pack-ca","35":"product_tag-queso-curado-ca-3"},"_links":{"self":[{"href":"https:\/\/tienda.coinga.com\/ca\/wp-json\/wp\/v2\/product\/4368"}],"collection":[{"href":"https:\/\/tienda.coinga.com\/ca\/wp-json\/wp\/v2\/product"}],"about":[{"href":"https:\/\/tienda.coinga.com\/ca\/wp-json\/wp\/v2\/types\/product"}],"replies":[{"embeddable":true,"href":"https:\/\/tienda.coinga.com\/ca\/wp-json\/wp\/v2\/comments?post=4368"}],"wp:featuredmedia":[{"embeddable":true,"href":"https:\/\/tienda.coinga.com\/ca\/wp-json\/wp\/v2\/media\/4362"}],"wp:attachment":[{"href":"https:\/\/tienda.coinga.com\/ca\/wp-json\/wp\/v2\/media?parent=4368"}],"wp:term":[{"taxonomy":"product_cat","embeddable":true,"href":"https:\/\/tienda.coinga.com\/ca\/wp-json\/wp\/v2\/product_cat?post=4368"},{"taxonomy":"product_tag","embeddable":true,"href":"https:\/\/tienda.coinga.com\/ca\/wp-json\/wp\/v2\/product_tag?post=4368"}],"curies":[{"name":"wp","href":"https:\/\/api.w.org\/{rel}","templated":true}]}}