{"id":3721,"date":"2020-12-22T10:21:08","date_gmt":"2020-12-22T10:21:08","guid":{"rendered":"http:\/\/tienda.coinga.com\/producto\/queso-mahon-semicurado-lonchas\/"},"modified":"2025-03-13T12:48:35","modified_gmt":"2025-03-13T11:48:35","slug":"formatge-mahon-menorca-semicurat-llescat","status":"publish","type":"product","link":"https:\/\/tienda.coinga.com\/ca\/producte\/formatge-mahon-menorca-semicurat-llescat\/","title":{"rendered":"Formatge Mah\u00f3n-Menorca DOP Semicurat Llescat"},"content":{"rendered":"<p>El m\u00e9s apreciat per les llars, el semicurat, el seu temps de maduraci\u00f3 compr\u00e8n entre 90 i 120 dies. El seu sabor l\u00e0ctic \u00e9s evolucionat i persistent, amb reminisc\u00e8ncies a mantega i fruits secs torrats. Textura mantegosa, de tall f\u00e0cil i mostra una superf\u00edcie llisa, sencera i brillant. Aquest \u00e9s el formatge Ma\u00f3 m\u00e9s vers\u00e0til, ideal per a tapes, gratinat, sobre pa torrat amb tom\u00e0quet o la cl\u00e0ssica torrada balear amb sobrassada i mel. <strong>Premiat en el WORLD CHEESE AWARD.<\/strong><\/p>\n<h6>INFORMACI\u00d3 NUTRICIONAL (x100g)<\/h6>\n<ul>\n<li>Valor energ\u00e8tic: 385 Kcal\/1674 KJ.<\/li>\n<li>Greixos: 31 g.<\/li>\n<li>\u00c0cids grassos saturats: 21 g.<\/li>\n<li>Hidrats de Carboni: 2,6 g.<\/li>\n<li>Sucres: &lt;0,5 g.<\/li>\n<li>Prote\u00efna: 25 g.<\/li>\n<li>Sal: 2,4 g.<\/li>\n<\/ul>\n","protected":false},"excerpt":{"rendered":"<p>Llescat de formatge semicurat amb Denominaci\u00f3 d&#8217;Origen Mah\u00f3n-Menorca, sabor l\u00e0ctic evolucionat i persistent. Aquest \u00e9s el formatge Ma\u00f3 m\u00e9s vers\u00e0til, ideal per a tapes, gratinat, sobre pa torrat amb tom\u00e0quet o la cl\u00e0ssica torrada balear amb sobrassada i mel. <strong>Premiat en el WORLD CHEESE AWARD.<\/strong><\/p>\n<p><strong>Pes Net: 200 g.<\/strong><\/p>\n<p><img loading=\"lazy\" decoding=\"async\" class=\"alignnone wp-image-3396\" src=\"\/wp-content\/uploads\/2021\/02\/100-natural-300x276.png\" alt=\"Queso natural Coinga\" width=\"60\" height=\"55\" srcset=\"https:\/\/tienda.coinga.com\/wp-content\/uploads\/2021\/02\/100-natural-300x276.png 300w, https:\/\/tienda.coinga.com\/wp-content\/uploads\/2021\/02\/100-natural.png 348w\" sizes=\"(max-width: 60px) 100vw, 60px\" \/><img loading=\"lazy\" decoding=\"async\" class=\"alignnone wp-image-3390\" src=\"\/wp-content\/uploads\/2021\/02\/crdo-queso-mahon-coinga-ecommerce.png\" alt=\"consejo regulador queso denominacion origen\" width=\"60\" height=\"60\" srcset=\"https:\/\/tienda.coinga.com\/wp-content\/uploads\/2021\/02\/crdo-queso-mahon-coinga-ecommerce.png 150w, https:\/\/tienda.coinga.com\/wp-content\/uploads\/2021\/02\/crdo-queso-mahon-coinga-ecommerce-100x100.png 100w, https:\/\/tienda.coinga.com\/wp-content\/uploads\/2021\/02\/crdo-queso-mahon-coinga-ecommerce-140x140.png 140w\" sizes=\"(max-width: 60px) 100vw, 60px\" \/><img loading=\"lazy\" decoding=\"async\" class=\"alignnone wp-image-3391\" src=\"\/wp-content\/uploads\/2021\/02\/dop-coinga-ecommerce.png\" alt=\"queso denominacion origen\" width=\"60\" height=\"60\" srcset=\"https:\/\/tienda.coinga.com\/wp-content\/uploads\/2021\/02\/dop-coinga-ecommerce.png 150w, https:\/\/tienda.coinga.com\/wp-content\/uploads\/2021\/02\/dop-coinga-ecommerce-100x100.png 100w, https:\/\/tienda.coinga.com\/wp-content\/uploads\/2021\/02\/dop-coinga-ecommerce-140x140.png 140w\" sizes=\"(max-width: 60px) 100vw, 60px\" \/><a href=\"https:\/\/tienda.coinga.com\/wp-content\/uploads\/2025\/02\/world-cheese-award-coinga-2024-25-e1741259011176.png\"><img loading=\"lazy\" decoding=\"async\" class=\"alignnone wp-image-4626\" src=\"https:\/\/tienda.coinga.com\/wp-content\/uploads\/2025\/02\/world-cheese-award-coinga-2024-25-e1741259011176.png\" alt=\"\" width=\"54\" height=\"58\" \/><\/a><\/p>\n","protected":false},"featured_media":3722,"comment_status":"open","ping_status":"closed","template":"","meta":[],"product_cat":[117,118,117,118,118,117,119,119,119],"product_tag":[],"class_list":{"0":"post-3721","1":"product","2":"type-product","3":"status-publish","4":"has-post-thumbnail","6":"product_cat-formatges","7":"product_cat-formatge-mahon-menorca-llet-pasteuritzada","12":"product_cat-semicurat","15":"pa_maduracion-semicurado-ca-4","18":"pa_tipo-de-leche-pasteurizada-ca-3"},"_links":{"self":[{"href":"https:\/\/tienda.coinga.com\/ca\/wp-json\/wp\/v2\/product\/3721"}],"collection":[{"href":"https:\/\/tienda.coinga.com\/ca\/wp-json\/wp\/v2\/product"}],"about":[{"href":"https:\/\/tienda.coinga.com\/ca\/wp-json\/wp\/v2\/types\/product"}],"replies":[{"embeddable":true,"href":"https:\/\/tienda.coinga.com\/ca\/wp-json\/wp\/v2\/comments?post=3721"}],"wp:featuredmedia":[{"embeddable":true,"href":"https:\/\/tienda.coinga.com\/ca\/wp-json\/wp\/v2\/media\/3722"}],"wp:attachment":[{"href":"https:\/\/tienda.coinga.com\/ca\/wp-json\/wp\/v2\/media?parent=3721"}],"wp:term":[{"taxonomy":"product_cat","embeddable":true,"href":"https:\/\/tienda.coinga.com\/ca\/wp-json\/wp\/v2\/product_cat?post=3721"},{"taxonomy":"product_tag","embeddable":true,"href":"https:\/\/tienda.coinga.com\/ca\/wp-json\/wp\/v2\/product_tag?post=3721"}],"curies":[{"name":"wp","href":"https:\/\/api.w.org\/{rel}","templated":true}]}}