{"id":3702,"date":"2021-03-02T09:32:08","date_gmt":"2021-03-02T09:32:08","guid":{"rendered":"http:\/\/tienda.coinga.com\/producto\/queso-mahon-menorca-tierno-cuna\/"},"modified":"2025-03-07T09:58:13","modified_gmt":"2025-03-07T08:58:13","slug":"formatge-mahon-menorca-tendre-cunya","status":"publish","type":"product","link":"https:\/\/tienda.coinga.com\/ca\/producte\/formatge-mahon-menorca-tendre-cunya\/","title":{"rendered":"Formatge Ma\u00f3-Menorca DOP Tendre Cunya 250 g"},"content":{"rendered":"<p>El formatge Ma\u00f3-Menorca DOP tendre \u00e9s el preferit dels petits de la casa, s&#8217;elabora amb un oreig de <span class=\"hiddenGreenError\">30<\/span> dies. De sabor l\u00e0ctic suau i textura cremosa, de color blanquin\u00f3s i quasi sense escor\u00e7a. Ric en calci i f\u00f2sfor, \u00e9s ideal per a nens i grans. Sens dubte un formatge que entendreix tota mena de paladars. Perfecte per a gratinar o a tacs en amanides. <strong>Premiat en el WORLD CHEESE AWARD.<\/strong><\/p>\n<h6>INFORMACI\u00d3 NUTRICIONAL (x100g)<\/h6>\n<ul>\n<li>Valor energ\u00e8tic: 365 Kcal\/1513 KJ.<\/li>\n<li>Greixos: 29 g.<\/li>\n<li>\u00c0cids grassos saturats: 20 g.<\/li>\n<li>Hidrats de Carboni: 2,7 g.<\/li>\n<li>Sucres: &lt;0,5 g.<\/li>\n<li>Prote\u00efna: 22 g.<\/li>\n<li>Sal: 2 g.<\/li>\n<\/ul>\n","protected":false},"excerpt":{"rendered":"<p><strong>Formatge tendre Coinga<\/strong> amb <strong>Denominaci\u00f3 d&#8217;Origen Mah\u00f3n-Menorca<\/strong>. Elaborat amb <strong>llet pasteuritzada<\/strong> de les vaques de les nostres granges repartides per tota Menorca. Sabor l\u00e0ctic suau i textura cremosa. De tall f\u00e0cil i quasi sense escor\u00e7a. Ric en calci i f\u00f2sfor, \u00e9s ideal per a nens i grans. <strong>Premiat en el WORLD CHEESE AWARD. <\/strong><br \/>\n<strong>Pes Net Cunya: 250 g.<\/strong><\/p>\n<p><img loading=\"lazy\" decoding=\"async\" class=\"alignnone wp-image-3396\" src=\"\/wp-content\/uploads\/2021\/02\/100-natural-300x276.png\" alt=\"Queso natural Coinga\" width=\"60\" height=\"55\" srcset=\"https:\/\/tienda.coinga.com\/wp-content\/uploads\/2021\/02\/100-natural-300x276.png 300w, https:\/\/tienda.coinga.com\/wp-content\/uploads\/2021\/02\/100-natural.png 348w\" sizes=\"(max-width: 60px) 100vw, 60px\" \/><img loading=\"lazy\" decoding=\"async\" class=\"alignnone wp-image-3390\" src=\"\/wp-content\/uploads\/2021\/02\/crdo-queso-mahon-coinga-ecommerce.png\" alt=\"consejo regulador queso denominacion origen\" width=\"60\" height=\"60\" srcset=\"https:\/\/tienda.coinga.com\/wp-content\/uploads\/2021\/02\/crdo-queso-mahon-coinga-ecommerce.png 150w, https:\/\/tienda.coinga.com\/wp-content\/uploads\/2021\/02\/crdo-queso-mahon-coinga-ecommerce-100x100.png 100w, https:\/\/tienda.coinga.com\/wp-content\/uploads\/2021\/02\/crdo-queso-mahon-coinga-ecommerce-140x140.png 140w\" sizes=\"(max-width: 60px) 100vw, 60px\" \/><img loading=\"lazy\" decoding=\"async\" class=\"alignnone wp-image-3391\" src=\"\/wp-content\/uploads\/2021\/02\/dop-coinga-ecommerce.png\" alt=\"queso denominacion origen\" width=\"60\" height=\"60\" srcset=\"https:\/\/tienda.coinga.com\/wp-content\/uploads\/2021\/02\/dop-coinga-ecommerce.png 150w, https:\/\/tienda.coinga.com\/wp-content\/uploads\/2021\/02\/dop-coinga-ecommerce-100x100.png 100w, https:\/\/tienda.coinga.com\/wp-content\/uploads\/2021\/02\/dop-coinga-ecommerce-140x140.png 140w\" sizes=\"(max-width: 60px) 100vw, 60px\" \/><a href=\"https:\/\/tienda.coinga.com\/wp-content\/uploads\/2025\/02\/world-cheese-award-coinga-2024-25-e1741259011176.png\"><img loading=\"lazy\" decoding=\"async\" class=\"alignnone wp-image-4626\" src=\"https:\/\/tienda.coinga.com\/wp-content\/uploads\/2025\/02\/world-cheese-award-coinga-2024-25-e1741259011176.png\" alt=\"\" width=\"54\" height=\"58\" \/><\/a><\/p>\n<div id=\"gtx-trans\" style=\"position: absolute; left: 774px; top: 14px;\">\n<div class=\"gtx-trans-icon\"><\/div>\n<\/div>\n","protected":false},"featured_media":3703,"comment_status":"open","ping_status":"closed","template":"","meta":[],"product_cat":[117,118,117,118,118,117,121,121,121],"product_tag":[],"class_list":{"0":"post-3702","1":"product","2":"type-product","3":"status-publish","4":"has-post-thumbnail","6":"product_cat-formatges","7":"product_cat-formatge-mahon-menorca-llet-pasteuritzada","12":"product_cat-tendre","15":"pa_maduracion-tierno-ca-3","18":"pa_tipo-de-leche-pasteurizada-ca-3"},"_links":{"self":[{"href":"https:\/\/tienda.coinga.com\/ca\/wp-json\/wp\/v2\/product\/3702"}],"collection":[{"href":"https:\/\/tienda.coinga.com\/ca\/wp-json\/wp\/v2\/product"}],"about":[{"href":"https:\/\/tienda.coinga.com\/ca\/wp-json\/wp\/v2\/types\/product"}],"replies":[{"embeddable":true,"href":"https:\/\/tienda.coinga.com\/ca\/wp-json\/wp\/v2\/comments?post=3702"}],"wp:featuredmedia":[{"embeddable":true,"href":"https:\/\/tienda.coinga.com\/ca\/wp-json\/wp\/v2\/media\/3703"}],"wp:attachment":[{"href":"https:\/\/tienda.coinga.com\/ca\/wp-json\/wp\/v2\/media?parent=3702"}],"wp:term":[{"taxonomy":"product_cat","embeddable":true,"href":"https:\/\/tienda.coinga.com\/ca\/wp-json\/wp\/v2\/product_cat?post=3702"},{"taxonomy":"product_tag","embeddable":true,"href":"https:\/\/tienda.coinga.com\/ca\/wp-json\/wp\/v2\/product_tag?post=3702"}],"curies":[{"name":"wp","href":"https:\/\/api.w.org\/{rel}","templated":true}]}}