{"id":3695,"date":"2021-03-02T09:41:44","date_gmt":"2021-03-02T09:41:44","guid":{"rendered":"http:\/\/tienda.coinga.com\/producto\/queso-mahon-menorca-curado-mini\/"},"modified":"2025-03-07T10:03:28","modified_gmt":"2025-03-07T09:03:28","slug":"formatge-mahob-menorca-curat-mini-amb-estoig-de-regal","status":"publish","type":"product","link":"https:\/\/tienda.coinga.com\/ca\/producte\/formatge-mahob-menorca-curat-mini-amb-estoig-de-regal\/","title":{"rendered":"Formatge Ma\u00f3-Menorca DOP Curat Mini amb estoig de regal 650-750 g"},"content":{"rendered":"<p>El formatge Ma\u00f3-Menorca DOP curat est\u00e0 madurant entre 180 i 240 dies en les cambres aconseguint un sabor intens i arom\u00e0tic amb records a cuir i fusta envellida. La pasta \u00e9s ferma, consistent i descobreix, al tall, una superf\u00edcie lleugerament rugosa i de suau lluentor. Una del\u00edcia per als amants del formatge. Ideal com a aperitiu o postres, acompanyat amb fruits secs o fruites dolces, molt millor en companyia. <strong>Premiat en el WORLD CHEESE AWARD.<\/strong><\/p>\n<h6>INFORMACI\u00d3 NUTRICIONAL (x100g)<\/h6>\n<ul>\n<li>Valor energ\u00e8tic: 438 Kcal\/1817 KJ.<\/li>\n<li>Greixos: 35,5 g.<\/li>\n<li>\u00c0cids grassos saturats: 25 g.<\/li>\n<li>Hidrats de Carboni: 2,7 g.<\/li>\n<li>Sucres: &lt;0,5 g.<\/li>\n<li>Prote\u00efna: 26,9 g.<\/li>\n<li>Sal: 2 g.<\/li>\n<li>Calci: 820 mg.<\/li>\n<\/ul>\n","protected":false},"excerpt":{"rendered":"<p><strong>Formatge curat Coinga<\/strong> amb<strong> Denominaci\u00f3 d&#8217;Origen Mah\u00f3n-Menorca<\/strong>. Elaborat amb <strong>llet pasteuritzada<\/strong> de les vaques de les nostres granges repartides per tota Menorca. Sabor intens i arom\u00e0tic. Ideal com a aperitiu o postres. <strong>Premiat en el WORLD CHEESE AWARD.<\/strong><br \/>\n<strong>Pes Net Mini: 650-750 g.<\/strong><br \/>\n<strong>FORMATGE MA\u00d3 AMB ESTOIG DE REGAL<\/strong><\/p>\n<p><img loading=\"lazy\" decoding=\"async\" class=\"alignnone wp-image-3396\" src=\"\/wp-content\/uploads\/2021\/02\/100-natural-300x276.png\" alt=\"Queso natural Coinga\" width=\"60\" height=\"55\" srcset=\"https:\/\/tienda.coinga.com\/wp-content\/uploads\/2021\/02\/100-natural-300x276.png 300w, https:\/\/tienda.coinga.com\/wp-content\/uploads\/2021\/02\/100-natural.png 348w\" sizes=\"(max-width: 60px) 100vw, 60px\" \/><img loading=\"lazy\" decoding=\"async\" class=\"alignnone wp-image-3390\" src=\"\/wp-content\/uploads\/2021\/02\/crdo-queso-mahon-coinga-ecommerce.png\" alt=\"consejo regulador queso denominacion origen\" width=\"60\" height=\"60\" srcset=\"https:\/\/tienda.coinga.com\/wp-content\/uploads\/2021\/02\/crdo-queso-mahon-coinga-ecommerce.png 150w, https:\/\/tienda.coinga.com\/wp-content\/uploads\/2021\/02\/crdo-queso-mahon-coinga-ecommerce-100x100.png 100w, https:\/\/tienda.coinga.com\/wp-content\/uploads\/2021\/02\/crdo-queso-mahon-coinga-ecommerce-140x140.png 140w\" sizes=\"(max-width: 60px) 100vw, 60px\" \/><img loading=\"lazy\" decoding=\"async\" class=\"alignnone wp-image-3391\" src=\"\/wp-content\/uploads\/2021\/02\/dop-coinga-ecommerce.png\" alt=\"queso denominacion origen\" width=\"60\" height=\"60\" srcset=\"https:\/\/tienda.coinga.com\/wp-content\/uploads\/2021\/02\/dop-coinga-ecommerce.png 150w, https:\/\/tienda.coinga.com\/wp-content\/uploads\/2021\/02\/dop-coinga-ecommerce-100x100.png 100w, https:\/\/tienda.coinga.com\/wp-content\/uploads\/2021\/02\/dop-coinga-ecommerce-140x140.png 140w\" sizes=\"(max-width: 60px) 100vw, 60px\" \/><a href=\"https:\/\/tienda.coinga.com\/wp-content\/uploads\/2025\/02\/world-cheese-award-coinga-2024-25-e1741259011176.png\"><img loading=\"lazy\" decoding=\"async\" class=\"alignnone wp-image-4626\" src=\"https:\/\/tienda.coinga.com\/wp-content\/uploads\/2025\/02\/world-cheese-award-coinga-2024-25-e1741259011176.png\" alt=\"\" width=\"54\" height=\"58\" \/><\/a><\/p>\n<div id=\"gtx-trans\" style=\"position: absolute; left: 340px; top: 62px;\">\n<div class=\"gtx-trans-icon\"><\/div>\n<\/div>\n","protected":false},"featured_media":3696,"comment_status":"open","ping_status":"closed","template":"","meta":[],"product_cat":[117,120,120,118,117,120,118,118,117],"product_tag":[],"class_list":{"0":"post-3695","1":"product","2":"type-product","3":"status-publish","4":"has-post-thumbnail","6":"product_cat-formatges","7":"product_cat-curat","9":"product_cat-formatge-mahon-menorca-llet-pasteuritzada","15":"pa_maduracion-curado-ca-2","18":"pa_tipo-de-leche-pasteurizada-ca-3"},"_links":{"self":[{"href":"https:\/\/tienda.coinga.com\/ca\/wp-json\/wp\/v2\/product\/3695"}],"collection":[{"href":"https:\/\/tienda.coinga.com\/ca\/wp-json\/wp\/v2\/product"}],"about":[{"href":"https:\/\/tienda.coinga.com\/ca\/wp-json\/wp\/v2\/types\/product"}],"replies":[{"embeddable":true,"href":"https:\/\/tienda.coinga.com\/ca\/wp-json\/wp\/v2\/comments?post=3695"}],"wp:featuredmedia":[{"embeddable":true,"href":"https:\/\/tienda.coinga.com\/ca\/wp-json\/wp\/v2\/media\/3696"}],"wp:attachment":[{"href":"https:\/\/tienda.coinga.com\/ca\/wp-json\/wp\/v2\/media?parent=3695"}],"wp:term":[{"taxonomy":"product_cat","embeddable":true,"href":"https:\/\/tienda.coinga.com\/ca\/wp-json\/wp\/v2\/product_cat?post=3695"},{"taxonomy":"product_tag","embeddable":true,"href":"https:\/\/tienda.coinga.com\/ca\/wp-json\/wp\/v2\/product_tag?post=3695"}],"curies":[{"name":"wp","href":"https:\/\/api.w.org\/{rel}","templated":true}]}}