{"id":3874,"date":"2020-12-21T09:58:48","date_gmt":"2020-12-21T09:58:48","guid":{"rendered":"http:\/\/tienda.coinga.com\/politica-privacidad\/"},"modified":"2023-07-19T12:57:23","modified_gmt":"2023-07-19T11:57:23","slug":"politica-de-privacitat","status":"publish","type":"page","link":"https:\/\/tienda.coinga.com\/ca\/politica-de-privacitat\/","title":{"rendered":"Pol\u00edtica de privacitat"},"content":{"rendered":"[vc_row type=&#8221;in_container&#8221; full_screen_row_position=&#8221;middle&#8221; column_margin=&#8221;default&#8221; column_direction=&#8221;default&#8221; column_direction_tablet=&#8221;default&#8221; column_direction_phone=&#8221;default&#8221; scene_position=&#8221;center&#8221; text_color=&#8221;dark&#8221; text_align=&#8221;left&#8221; row_border_radius=&#8221;none&#8221; row_border_radius_applies=&#8221;bg&#8221; overlay_strength=&#8221;0.3&#8243; gradient_direction=&#8221;left_to_right&#8221; shape_divider_position=&#8221;bottom&#8221; bg_image_animation=&#8221;none&#8221;][vc_column column_padding=&#8221;no-extra-padding&#8221; column_padding_tablet=&#8221;inherit&#8221; column_padding_phone=&#8221;inherit&#8221; column_padding_position=&#8221;all&#8221; background_color_opacity=&#8221;1&#8243; background_hover_color_opacity=&#8221;1&#8243; column_shadow=&#8221;none&#8221; column_border_radius=&#8221;none&#8221; column_link_target=&#8221;_self&#8221; gradient_direction=&#8221;left_to_right&#8221; overlay_strength=&#8221;0.3&#8243; width=&#8221;1\/1&#8243; tablet_width_inherit=&#8221;default&#8221; tablet_text_alignment=&#8221;default&#8221; phone_text_alignment=&#8221;default&#8221; column_border_width=&#8221;none&#8221; column_border_style=&#8221;solid&#8221; bg_image_animation=&#8221;none&#8221;][vc_column_text]\n<h2 class=\"wp-block-heading\" style=\"text-align: center;\">POL\u00cdTICA DE PRIVACITAT<\/h2>\n<p>De conformitat amb el que es disposa en el Reglament General de Protecci\u00f3 de Dades RGPD UE 679\/2016 i la Llei org\u00e0nica 3\/2018 de 5 de Desembre, de Protecci\u00f3 de Dades Personals i Garantia dels Drets Digitals, se li facilita la seg\u00fcent informaci\u00f3 del tractament de les seves dades de car\u00e0cter personal:<\/p>\n<p><strong>Qui \u00e9s responsable del tractament de les seves dades personals?<\/strong><\/p>\n<p>Responsable del tractament: COOPERATIVA INSULAR GANADERA DE MENORCA, NIF\/CIF: F07016728, Adre\u00e7a: CTRA. NOVA S\/N, CP: 07730, ALAIOR, Tel\u00e8fon: 971371227, Email: <a href=\"mailto:administracion@coinga.com\">administracion@coinga.com<\/a>.<\/p>\n<p>&nbsp;<\/p>\n<p><strong>Quines dades tractem?<\/strong><\/p>\n<p>En COOPERATIVA INSULAR GANADERA DE MENORCA tractem les dades personals facilitades per vost\u00e8 a trav\u00e9s de l&#8217;emplenament dels formularis habilitats a aquest efecte en aquesta p\u00e0gina web, les dades personals derivades de la prestaci\u00f3 o contractaci\u00f3 dels nostres serveis o productes i\/o les dades personals derivades de la relaci\u00f3 comercial que vost\u00e8 mant\u00e9 amb nosaltres. A m\u00e9s, tractem les dades personals generades en el context de la seva activitat en la nostra p\u00e0gina web, dins de la categoria de la qual s&#8217;inclouen les seves dades de navegaci\u00f3 obtinguts a trav\u00e9s de la p\u00e0gina web.<\/p>\n<p>\u00c9s important per a nosaltres mantenir el registre de les seves dades personals actualitzat. Vost\u00e8 t\u00e9 l&#8217;obligaci\u00f3 de mantenir-nos informats de qualsevol canvi o error en les seves dades personals tan aviat com sigui possible posant-se en contacte amb nosaltres en el correu electr\u00f2nic: administracion@coinga.com.<\/p>\n<p><strong>Amb quina finalitat tractem les seves dades de car\u00e0cter personal?<\/strong><\/p>\n<p>Finalitat: COOPERATIVA INSULAR GANADERA DE MENORCA podr\u00e0 tractar les seves dades personals per a les seg\u00fcents finalitats:<\/p>\n<p>&#8211; Gesti\u00f3 i manteniment dels serveis proporcionats a trav\u00e9s de la p\u00e0gina web.<\/p>\n<p>-Gesti\u00f3 i atenci\u00f3 de les consultes i sol\u00b7licituds d&#8217;informaci\u00f3 realitzades pels usuaris a trav\u00e9s del formulari de contacte. L&#8217;adre\u00e7a de correu electr\u00f2nic i les dades de car\u00e0cter personal que vost\u00e8 ens proporciona a trav\u00e9s del formulari de contacte de la p\u00e0gina web seran utilitzats exclusivament per a atendre les consultes que ens plantegi per aquest mitj\u00e0.<\/p>\n<p>&#8211; Compliment de les obligacions legals aplicables.<\/p>\n<p>-Enviament de comunicacions comercials i butlletins informatius, aix\u00ed com publicitat dels nostres serveis i productes.<\/p>\n<p>&#8211; Gesti\u00f3 de la contractaci\u00f3 dels nostres serveis i\/o productes.<\/p>\n<p>&#8211; Gesti\u00f3 de les sol\u00b7licituds d&#8217;informaci\u00f3 o sol\u00b7licituds de pressupostos dels nostres serveis o productes.<\/p>\n<p>&#8211; Registre en l&#8217;\u00e0rea d&#8217;usuaris.<\/p>\n<p>-En cas d&#8217;haver-ho consentit i amb la finalitat de poder oferir-li serveis d&#8217;acord amb els seus interessos les seves dades personals poden ser utilitzats per a elaborar un perfil comercial. No es prendran decisions automatitzades sobre la base d&#8217;aquest perfil.<\/p>\n<p>Conservem les seves dades de car\u00e0cter personal en els nostres sistemes i arxius el temps necessari per a dur a terme els fins del tractament, i per a complir amb el que es disposa en la legislaci\u00f3 aplicable. Es conservaran les seves dades personals mentre existeixi una relaci\u00f3 contractual i\/o comercial amb vost\u00e8, o mentre vost\u00e8 no exerceixi el seu dret de supressi\u00f3 i\/o limitaci\u00f3 del tractament de les seves dades. El per\u00edode de conservaci\u00f3 de les dades personals variar\u00e0 en funci\u00f3 dels fins del tractament i amb car\u00e0cter general<\/p>\n<p>-Les dades personals que ens proporciona en els sup\u00f2sits de contractaci\u00f3 dels nostres serveis o productes seran conservats durant la relaci\u00f3 contractual i, una vegada finalitzada la mateixa, durant el termini de prescripci\u00f3 de les accions legals que es puguin derivar d&#8217;aquesta.<\/p>\n<p>-Les dades personals que ens proporciona per a gestionar sol\u00b7licituds d&#8217;informaci\u00f3 o consultes a trav\u00e9s del formulari de contacte es conservaran mentre vost\u00e8 no sol\u00b7liciti la seva supressi\u00f3 o cancel\u00b7laci\u00f3.<\/p>\n<p>-Les dades personals que ens proporciona per a subscriure&#8217;s al nostre *newsletter o butlletins informatius es conservaran mentre vost\u00e8 no sol\u00b7liciti la seva supressi\u00f3, oposici\u00f3 i\/o limitaci\u00f3.<\/p>\n<p>-Les dades personals obtingudes de la seva navegaci\u00f3 i h\u00e0bits de consum, aix\u00ed com el perfil comercial obtingut, es conservaran mentre vost\u00e8 no sol\u00b7liciti la seva supressi\u00f3 o cancel\u00b7laci\u00f3.<\/p>\n<p>Les seves dades de car\u00e0cter personal seran conservats mentre siguin \u00fatils per a les finalitats indicades, i, en qualsevol cas, durant els terminis legals i el temps necessari per a atendre possibles responsabilitats nascudes del tractament.<\/p>\n<p><strong>Seguretat de les dades.<\/strong><\/p>\n<p>Disposem de mesures de seguretat t\u00e8cniques i organitzatives adequades per a protegir les seves dades personals contra el tractament no autoritzat o il\u00b7l\u00edcit i contra la seva p\u00e8rdua, destrucci\u00f3 o mal accidental, assegurant la integritat i confidencialitat d&#8217;aquests. Les mesures de seguretat t\u00e8cniques i organitzatives implantades permeten: garantir la confidencialitat, integritat, disponibilitat i resili\u00e8ncia permanents dels sistemes i serveis de tractament; restaurar la disponibilitat i l&#8217;acc\u00e9s a les dades de car\u00e0cter personal de manera r\u00e0pida en cas d&#8217;incident f\u00edsic o t\u00e8cnic; i verificar, avaluar i valorar de forma regular l&#8217;efic\u00e0cia de les mesures t\u00e8cniques i organitzatives implantades per a garantir la seguretat del tractament.<\/p>\n<p>Aquestes mesures de seguretat t\u00e8cniques i organitzatives han estat dissenyades tenint en compte la nostra infraestructura de TU, l&#8217;estat de la t\u00e8cnica d&#8217;acord amb els est\u00e0ndards i pr\u00e0ctiques actuals, el cost de l&#8217;aplicaci\u00f3 i la naturalesa, \u00e0mbit, context i fins del tractament, aix\u00ed com els riscos de diversa probabilitat i gravetat que comporta el tractament per a les seves dades personals.<\/p>\n<p><strong>Quina \u00e9s la legitimaci\u00f3 per al tractament de les seves dades?<\/strong><\/p>\n<p>Legitimaci\u00f3: La legitimaci\u00f3 per a tractar les seves dades de car\u00e0cter personal est\u00e0 basada en:<\/p>\n<p>-L&#8217;execuci\u00f3 i manteniment d&#8217;una relaci\u00f3 contractual i comercial amb vost\u00e8, com, per exemple la contractaci\u00f3 de productes i serveis de l&#8217;entitat, gesti\u00f3 i sol\u00b7licitud de pressupostos dels productes i\/o serveis de l&#8217;entitat, tot aix\u00f2 de conformitat amb el que es disposa en l&#8217;article 6.1.B del RGPD (UE) 679\/2016 i la Llei org\u00e0nica 3\/2018, de 5 de desembre (LOPDPGDD).<\/p>\n<p>-El seu consentiment expr\u00e9s per a una o diverses finalitats, com per exemple l&#8217;enviament de comunicacions publicit\u00e0ries o butlletins informatius propis o de tercers, gesti\u00f3 d&#8217;enviaments de curriculum vitae, participaci\u00f3 en la borsa de treball, tot aix\u00f2 de conformitat amb el que es disposa l&#8217;article 6.1.A del RGPD (UE) 679\/2016 i la Llei org\u00e0nica 3\/2018, de 5 de desembre (LOPDPGDD).<\/p>\n<p>-El compliment de diferents obligacions legals, tot aix\u00f2 de conformitat amb el que es disposa en l&#8217;article 6.1.C del RGPD (UE) 679\/2016 i la Llei org\u00e0nica 3\/2018, de 5 de desembre (LOPDPGDD).<\/p>\n<p>&#8211; La satisfacci\u00f3 d&#8217;interessos leg\u00edtims perseguits pel responsable del tractament o per un tercer, per exemple, per motius de seguretat, per a millorar els nostres serveis i o per a gestionar les seves sol\u00b7licituds o consultes.<\/p>\n<p>Durant el proc\u00e9s de recollida de dades, i en cada lloc de la web en el qual se sol\u00b7licitin dades de car\u00e0cter personal, l&#8217;usuari ser\u00e0 informat, ja sigui mitjan\u00e7ant un enlla\u00e7, ja sigui mitjan\u00e7ant la inclusi\u00f3 dels esments oportuns en el propi formulari, del car\u00e0cter obligatori o no de la recollida de les seves dades de car\u00e0cter personal.<\/p>\n<p>Les dades personals sol\u00b7licitades en els formularis de la p\u00e0gina web s\u00f3n, amb car\u00e0cter general, obligatoris ( tret que en el camp requerit s&#8217;especifiqui el contrari) per a complir amb les finalitats establertes. Per tant, si no es faciliten les dades personals sol\u00b7licitades, o no es faciliten correctament, no podran atendre&#8217;s les mateixes.<\/p>\n<p>Existeix l&#8217;obligaci\u00f3 de facilitar les seves dades de car\u00e0cter personal en els sup\u00f2sits de contractaci\u00f3 d&#8217;un servei o producte, i\/o en aquells sup\u00f2sits de sol\u00b7licitud de pressupostos o ofertes.<\/p>\n<p>L&#8217;enviament de comunicacions publicit\u00e0ries, newsletter o butlletins informatius dels nostres productes i serveis est\u00e0 basat en el consentiment que se li sol\u00b7licita, sense que en cap cas la retirada d&#8217;aquest consentiment condicioni la relaci\u00f3 contractual o comercial que vost\u00e8 mant\u00e9 amb nosaltres.<\/p>\n<p>Si vost\u00e8 ens ha autoritzat a enviar publicitat dels nostres serveis i productes, les seves dades de car\u00e0cter personal poden ser utilitzats per a gestionar l&#8217;enviament d&#8217;ofertes publicit\u00e0ries i butlletins informatius a trav\u00e9s de mitjans electr\u00f2nics. En aquests casos resulta d&#8217;aplicaci\u00f3 el que es disposa en els art. 20 i 21 de la llei 34 \/2002, d&#8217;11 de juliol, de serveis de la societat de la informaci\u00f3 i de comer\u00e7 electr\u00f2nic, respecte a l&#8217;\u00fas i tractament de les seves dades de car\u00e0cter personal amb la finalitat de gestionar l&#8217;enviament de publicitat per mitjans electr\u00f2nics.<\/p>\n<p>En cas que hagi marcat l&#8217;opci\u00f3 de rebre publicitat, o si s&#8217;ha subscrit al nostre newsletter o butllet\u00ed informatiu, vost\u00e8 pot cancel\u00b7lar aquesta opci\u00f3 en qualsevol moment.<\/p>\n<p><strong>A quins destinataris es comunicaran les seves dades?.<\/strong><\/p>\n<p>Destinataris: Amb car\u00e0cter general, les seves dades de car\u00e0cter personal no es comunicaran a cap tercer ali\u00e8 a l&#8217;entitat, excepte obligaci\u00f3 legal. No obstant aix\u00f2, l&#8217;informem que tercers prove\u00efdors poden tenir acc\u00e9s a les seves dades personals en qualitat d&#8217;encarregats del tractament, en el marc de la prestaci\u00f3 d&#8217;un servei per a l&#8217;entitat responsable del tractament. L&#8217;informem que pot sol\u00b7licitar la relaci\u00f3 completa dels destinataris que podran rebre les seves dades personals com a encarregats de tractament o com tercers receptors per transfer\u00e8ncia en el correu electr\u00f2nic: administracion@coinga.com.A m\u00e9s de l&#8217;anterior, l&#8217;entitat podr\u00e0 realitzar cessions o comunicacions de dades personals per a atendre les seves obligacions davant les Administracions P\u00fabliques en els casos que aix\u00ed es requereixi, d&#8217;acord amb la legislaci\u00f3 vigent.<\/p>\n<p>-Transfer\u00e8ncies internacionals de dades: Per a dur a terme les activitats de tractament de dades detallades anteriorment, podem transferir les dades a pa\u00efsos de fora de l&#8217;Espai Econ\u00f2mic Europeu (EEE), i emmagatzemar aquestes dades en bases de dades f\u00edsiques o digitals gestionades per entitats que actu\u00efn en el nostre nom. La gesti\u00f3 de bases de dades i el tractament de les dades es limiten als fins del tractament, i es duen a terme segons les lleis i normatives vigents en mat\u00e8ria de protecci\u00f3 de dades. En cas que les dades s&#8217;envi\u00efn fora del EEE, l&#8217;empresa utilitzar\u00e0 mesures contractuals adequades per a garantir la protecci\u00f3 de les dades, que poden incloure, entre altres, contractes basats en les cl\u00e0usules est\u00e0ndard de protecci\u00f3 de dades adoptades per la Comissi\u00f3 Europea aplicables a l&#8217;enviament de dades personals fora del\u00a0 EEE.<\/p>\n<p><strong>Quins drets t\u00e9 vost\u00e8 quant al tractament de les seves dades personals?<\/strong><\/p>\n<p>Drets: Vost\u00e8 t\u00e9 dret a obtenir l&#8217;acc\u00e9s a les seves dades personals, aix\u00ed com a sol\u00b7licitar la rectificaci\u00f3 de les dades inexactes o, en el seu cas, sol\u00b7licitar la seva supressi\u00f3 quan, entre altres motius, les dades que ja no siguin necessaris per als fins que van ser recollits. En determinades circumst\u00e0ncies, vost\u00e8 pot sol\u00b7licitar la limitaci\u00f3 del tractament de les seves dades, i en aquest cas \u00fanicament els conservarem per a l&#8217;exercici o defensa de reclamacions. Aix\u00ed mateix, i per motius relacionats amb la seva situaci\u00f3 particular, vost\u00e8 pot oposar-se al tractament de les seves dades, i en aquest cas la seva informaci\u00f3 personal deixar\u00e0 de tractar-se per a aquelles finalitats respecte de les quals hagi manifestat la seva oposici\u00f3. Quan sigui t\u00e8cnicament possible, vost\u00e8 pot sol\u00b7licitar la portabilitat de les seves dades a un altre responsable del tractament. Per a exercitar aquests drets, de conformitat amb la legislaci\u00f3 vigent, vost\u00e8 pot dirigir-se per correu postal, adjuntant c\u00f2pia d&#8217;un document acreditatiu de la seva identitat (DNI), COOPERATIVA INSULAR GANADERA DE MENORCA en CTRA. NOVA S\/N, CP: 07730, ALAIOR o a l&#8217;email administracion@coinga.com. Vost\u00e8 t\u00e9 dret a presentar una Reclamaci\u00f3 davant l&#8217;Autoritat de Control: Ag\u00e8ncia Espanyola de Protecci\u00f3 Dades (www.agpd.es).Proced\u00e8ncia de les Dades de Car\u00e0cter Personal: el propi interessat.<\/p>\n<p>Vost\u00e8 accepta expressament la inclusi\u00f3 de les dades de car\u00e0cter personal recaptats durant la navegaci\u00f3 en la p\u00e0gina web i\/o proporcionats mitjan\u00e7ant l&#8217;emplenament de qualsevol formulari, aix\u00ed com els derivats d&#8217;una possible relaci\u00f3 comercial, en els fitxers automatitzats de dades de car\u00e0cter personal de l&#8217;entitat.<\/p>\n<p>L&#8217;entitat garanteix la confidencialitat de les dades de car\u00e0cter personal dels usuaris. No obstant aix\u00f2, l&#8217;entitat revelar\u00e0 a les autoritats p\u00fabliques competents les dades personals i qualsevol altra informaci\u00f3 que estigui en la seva poder o sigui accessible a trav\u00e9s dels seus sistemes i sigui requerida, de conformitat amb les disposicions legals i reglament\u00e0ries aplicables al cas. Les dades de car\u00e0cter personal poden ser conservats en els fitxers titularitat de COOPERATIVA INSULAR GANADERA DE MENORCA fins i tot una vegada finalitzades les relacions comercials formalitzades a trav\u00e9s de la p\u00e0gina web de l&#8217;entitat, exclusivament per als fins indicats anteriorment i, en tot cas, durant els terminis legalment establerts, a la disposici\u00f3 d&#8217;autoritats administratives o judicials.<\/p>\n<p><strong>\u00das de xarxes socials.<\/strong><\/p>\n<p>Quan vost\u00e8 interactua amb la nostra p\u00e0gina web a trav\u00e9s de diverses xarxes socials, com quan es connecta o ens segueix o comparteix el nostre contingut en xarxes socials (Facebook, Twitter, LinkedIn, Instagram o altres), podem rebre informaci\u00f3 procedent d&#8217;aquestes xarxes socials, inclosa informaci\u00f3 sobre el seu perfil, ANEU d&#8217;usuari associada al seu compte en les xarxes socials, i qualsevol altra informaci\u00f3 p\u00fablica que vost\u00e8 permeti compartir amb tercers en la xarxa social.<\/p>\n<p>L&#8217;entitat utilitza les xarxes socials amb la finalitat d&#8217;informar sobre els serveis que ofereix, aix\u00ed com de qualsevol altra activitat o esdeveniment que es realitzi i es vulgui donar publicitat, per\u00f2 en cap moment obtindr\u00e0 de les mateixes dades personals dels usuaris que interactuin en elles, tret que hi hagi autoritzaci\u00f3 expressa.<\/p>\n<p>Aquestes dades, nom\u00e9s s\u00f3n utilitzats dins de la pr\u00f2pia xarxa social i no s\u00f3n incorporats a cap sistema de tractament.<\/p>\n<p>Les xarxes socials tenen les seves pr\u00f2pies condicions d&#8217;\u00fas i pol\u00edtiques de privacitat que vost\u00e8 est\u00e0 obligat a tenir en compte i a observar el seu compliment si fa \u00fas d&#8217;elles.<\/p>\n[\/vc_column_text][\/vc_column][\/vc_row]\n","protected":false},"excerpt":{"rendered":"<p>[vc_row type=&#8221;in_container&#8221; full_screen_row_position=&#8221;middle&#8221; column_margin=&#8221;default&#8221; column_direction=&#8221;default&#8221; column_direction_tablet=&#8221;default&#8221; column_direction_phone=&#8221;default&#8221; scene_position=&#8221;center&#8221; text_color=&#8221;dark&#8221; text_align=&#8221;left&#8221; row_border_radius=&#8221;none&#8221; row_border_radius_applies=&#8221;bg&#8221; overlay_strength=&#8221;0.3&#8243; gradient_direction=&#8221;left_to_right&#8221; shape_divider_position=&#8221;bottom&#8221; bg_image_animation=&#8221;none&#8221;][vc_column column_padding=&#8221;no-extra-padding&#8221; column_padding_tablet=&#8221;inherit&#8221; column_padding_phone=&#8221;inherit&#8221; column_padding_position=&#8221;all&#8221; background_color_opacity=&#8221;1&#8243; background_hover_color_opacity=&#8221;1&#8243; column_shadow=&#8221;none&#8221; column_border_radius=&#8221;none&#8221; column_link_target=&#8221;_self&#8221;&#8230;<\/p>\n","protected":false},"author":1,"featured_media":0,"parent":0,"menu_order":0,"comment_status":"closed","ping_status":"open","template":"","meta":{"footnotes":""},"class_list":["post-3874","page","type-page","status-publish"],"_links":{"self":[{"href":"https:\/\/tienda.coinga.com\/ca\/wp-json\/wp\/v2\/pages\/3874"}],"collection":[{"href":"https:\/\/tienda.coinga.com\/ca\/wp-json\/wp\/v2\/pages"}],"about":[{"href":"https:\/\/tienda.coinga.com\/ca\/wp-json\/wp\/v2\/types\/page"}],"author":[{"embeddable":true,"href":"https:\/\/tienda.coinga.com\/ca\/wp-json\/wp\/v2\/users\/1"}],"replies":[{"embeddable":true,"href":"https:\/\/tienda.coinga.com\/ca\/wp-json\/wp\/v2\/comments?post=3874"}],"version-history":[{"count":0,"href":"https:\/\/tienda.coinga.com\/ca\/wp-json\/wp\/v2\/pages\/3874\/revisions"}],"wp:attachment":[{"href":"https:\/\/tienda.coinga.com\/ca\/wp-json\/wp\/v2\/media?parent=3874"}],"curies":[{"name":"wp","href":"https:\/\/api.w.org\/{rel}","templated":true}]}}