{"id":3867,"date":"2021-02-08T14:54:13","date_gmt":"2021-02-08T14:54:13","guid":{"rendered":"http:\/\/tienda.coinga.com\/envios-y-devoluciones\/"},"modified":"2025-05-06T10:23:14","modified_gmt":"2025-05-06T09:23:14","slug":"enviaments-i-devolucions","status":"publish","type":"page","link":"https:\/\/tienda.coinga.com\/ca\/enviaments-i-devolucions\/","title":{"rendered":"Enviaments i devolucions"},"content":{"rendered":"[vc_row type=&#8221;in_container&#8221; full_screen_row_position=&#8221;middle&#8221; column_margin=&#8221;default&#8221; column_direction=&#8221;default&#8221; column_direction_tablet=&#8221;default&#8221; column_direction_phone=&#8221;default&#8221; scene_position=&#8221;center&#8221; top_padding=&#8221;80&#8243; bottom_padding=&#8221;60&#8243; text_color=&#8221;dark&#8221; text_align=&#8221;left&#8221; row_border_radius=&#8221;none&#8221; row_border_radius_applies=&#8221;bg&#8221; overlay_strength=&#8221;0.3&#8243; gradient_direction=&#8221;left_to_right&#8221; shape_divider_position=&#8221;bottom&#8221; bg_image_animation=&#8221;none&#8221; shape_type=&#8221;&#8221;][vc_column column_padding=&#8221;no-extra-padding&#8221; column_padding_tablet=&#8221;inherit&#8221; column_padding_phone=&#8221;inherit&#8221; column_padding_position=&#8221;all&#8221; background_color_opacity=&#8221;1&#8243; background_hover_color_opacity=&#8221;1&#8243; column_shadow=&#8221;none&#8221; column_border_radius=&#8221;none&#8221; column_link_target=&#8221;_self&#8221; gradient_direction=&#8221;left_to_right&#8221; overlay_strength=&#8221;0.3&#8243; width=&#8221;1\/1&#8243; tablet_width_inherit=&#8221;default&#8221; tablet_text_alignment=&#8221;default&#8221; phone_text_alignment=&#8221;default&#8221; column_border_width=&#8221;none&#8221; column_border_style=&#8221;solid&#8221; bg_image_animation=&#8221;none&#8221;][vc_column_text]\n<h2><img decoding=\"async\" style=\"max-width: 100%;\" src=\"\/wp-content\/uploads\/2021\/02\/comment-square-8x.png\" alt=\"envios coinga\" \/> Env\u00edos y Devoluciones<\/h2>\n[\/vc_column_text][divider line_type=&#8221;No Line&#8221; custom_height=&#8221;62px&#8221;][vc_text_separator title=&#8221;On i quan repartim?&#8221; title_align=&#8221;separator_align_left&#8221; align=&#8221;align_left&#8221; color=&#8221;orange&#8221;][vc_column_text]Per garantir que el producte arribi en condicions immillorables, el transport s\u2019efectua \u00fanicament de dilluns a divendres en camions refrigerats.<br \/>\nActualment, servim comandes a pen\u00ednsula i Illes Balears.<br \/>\nPer a totes les localitats de la pen\u00ednsula i les Illes Balears, l\u2019enviament es far\u00e0 en un termini d\u20191 a 4 dies laborables. Festius nacionals, dissabtes i diumenges no es fan entregues.<br \/>\nLes despeses d\u2019enviament s\u00f3n completament gratu\u00eftes per a compres a partir de 49\u20ac. En cas de no arribar a aquest import, la tramesa tindr\u00e0 un cost de 12\u20ac.[\/vc_column_text][divider line_type=&#8221;No Line&#8221; custom_height=&#8221;40&#8243;][vc_text_separator title=&#8221;Si la meva comanda es retarda, qu\u00e8 puc fer?&#8221; title_align=&#8221;separator_align_left&#8221; align=&#8221;align_left&#8221; color=&#8221;orange&#8221;][vc_column_text]Coinga es compromet a complir aquestes condicions de lliurament, sempre que hi hagi disponibilitat de la mercaderia a Ctra. Nova S\/N Alaior \u00b7 Menorca.<br \/>\nEn cas de manca d\u2019estoc, Coinga informar\u00e0 del temps estimat de retard, i es podr\u00e0 tornar l\u2019import, si aix\u00ed ho desitja el client.<br \/>\nCoinga no es responsabilitza del retard de la comanda per problemes de tercer.[\/vc_column_text][divider line_type=&#8221;No Line&#8221; custom_height=&#8221;40&#8243;][vc_text_separator title=&#8221;Quina \u00e9s la pol\u00edtica de devoluci\u00f3?&#8221; title_align=&#8221;separator_align_left&#8221; align=&#8221;align_left&#8221; color=&#8221;orange&#8221;][vc_column_text]Es podr\u00e0 tornar una comanda sempre que la comanda hagi arribat deteriorada, per aix\u00f2 s\u2019haur\u00e0 de presentar una fotografia feta el mateix dia del lliurament del paquet.<br \/>\nDemostrant la invalidesa del producte i enviar-la a coinga@coinga.com i posteriorment fer el proc\u00e9s de devoluci\u00f3.[\/vc_column_text][divider line_type=&#8221;No Line&#8221; custom_height=&#8221;40&#8243;][vc_text_separator title=&#8221;Qu\u00e8 puc fer si no m\u2019han arribat tots els productes?&#8221; title_align=&#8221;separator_align_left&#8221; align=&#8221;align_left&#8221; color=&#8221;orange&#8221;][vc_column_text]Un cop rebuda la comanda, si falta algun producte, pots contactar amb Atenci\u00f3 al Client i realitzar una reclamaci\u00f3, indicant el n\u00famero de comanda que podr\u00e0s trobar al correu electr\u00f2nic de confirmaci\u00f3.[\/vc_column_text][divider line_type=&#8221;No Line&#8221; custom_height=&#8221;40&#8243;][vc_text_separator title=&#8221;No trobo resposta a la meva pregunta&#8221; title_align=&#8221;separator_align_left&#8221; align=&#8221;align_left&#8221; color=&#8221;orange&#8221;][vc_column_text]Per qualsevol altre dubte que no estigui contemplat a la nostra web, no dubtis en posar-te en contacte amb Atenci\u00f3 al Client a trav\u00e9s del tel\u00e8fon 971 37 12 27 en l\u2019horari de 8:00h a 15:00h (dilluns, dimecres i divendres) i de 8:00h a 14:00h i 16:00h email coinga@coinga.com.[\/vc_column_text][\/vc_column][\/vc_row]\n","protected":false},"excerpt":{"rendered":"<p>[vc_row type=&#8221;in_container&#8221; full_screen_row_position=&#8221;middle&#8221; column_margin=&#8221;default&#8221; column_direction=&#8221;default&#8221; column_direction_tablet=&#8221;default&#8221; column_direction_phone=&#8221;default&#8221; scene_position=&#8221;center&#8221; top_padding=&#8221;80&#8243; bottom_padding=&#8221;60&#8243; text_color=&#8221;dark&#8221; text_align=&#8221;left&#8221; row_border_radius=&#8221;none&#8221; row_border_radius_applies=&#8221;bg&#8221; overlay_strength=&#8221;0.3&#8243; gradient_direction=&#8221;left_to_right&#8221; shape_divider_position=&#8221;bottom&#8221; bg_image_animation=&#8221;none&#8221; shape_type=&#8221;&#8221;][vc_column column_padding=&#8221;no-extra-padding&#8221; column_padding_tablet=&#8221;inherit&#8221; column_padding_phone=&#8221;inherit&#8221; column_padding_position=&#8221;all&#8221; background_color_opacity=&#8221;1&#8243; background_hover_color_opacity=&#8221;1&#8243;&#8230;<\/p>\n","protected":false},"author":1,"featured_media":0,"parent":0,"menu_order":0,"comment_status":"closed","ping_status":"closed","template":"","meta":{"footnotes":""},"class_list":["post-3867","page","type-page","status-publish"],"_links":{"self":[{"href":"https:\/\/tienda.coinga.com\/ca\/wp-json\/wp\/v2\/pages\/3867"}],"collection":[{"href":"https:\/\/tienda.coinga.com\/ca\/wp-json\/wp\/v2\/pages"}],"about":[{"href":"https:\/\/tienda.coinga.com\/ca\/wp-json\/wp\/v2\/types\/page"}],"author":[{"embeddable":true,"href":"https:\/\/tienda.coinga.com\/ca\/wp-json\/wp\/v2\/users\/1"}],"replies":[{"embeddable":true,"href":"https:\/\/tienda.coinga.com\/ca\/wp-json\/wp\/v2\/comments?post=3867"}],"version-history":[{"count":0,"href":"https:\/\/tienda.coinga.com\/ca\/wp-json\/wp\/v2\/pages\/3867\/revisions"}],"wp:attachment":[{"href":"https:\/\/tienda.coinga.com\/ca\/wp-json\/wp\/v2\/media?parent=3867"}],"curies":[{"name":"wp","href":"https:\/\/api.w.org\/{rel}","templated":true}]}}