{"id":3664,"date":"2021-02-16T14:45:33","date_gmt":"2021-02-16T14:45:33","guid":{"rendered":"http:\/\/tienda.coinga.com\/aviso-legal\/"},"modified":"2023-07-19T12:44:48","modified_gmt":"2023-07-19T11:44:48","slug":"avis-legal","status":"publish","type":"page","link":"https:\/\/tienda.coinga.com\/ca\/avis-legal\/","title":{"rendered":"Av\u00eds Legal"},"content":{"rendered":"[vc_row type=&#8221;in_container&#8221; full_screen_row_position=&#8221;middle&#8221; column_margin=&#8221;default&#8221; column_direction=&#8221;default&#8221; column_direction_tablet=&#8221;default&#8221; column_direction_phone=&#8221;default&#8221; scene_position=&#8221;center&#8221; text_color=&#8221;dark&#8221; text_align=&#8221;left&#8221; row_border_radius=&#8221;none&#8221; row_border_radius_applies=&#8221;bg&#8221; overlay_strength=&#8221;0.3&#8243; gradient_direction=&#8221;left_to_right&#8221; shape_divider_position=&#8221;bottom&#8221; bg_image_animation=&#8221;none&#8221;][vc_column column_padding=&#8221;no-extra-padding&#8221; column_padding_tablet=&#8221;inherit&#8221; column_padding_phone=&#8221;inherit&#8221; column_padding_position=&#8221;all&#8221; background_color_opacity=&#8221;1&#8243; background_hover_color_opacity=&#8221;1&#8243; column_shadow=&#8221;none&#8221; column_border_radius=&#8221;none&#8221; column_link_target=&#8221;_self&#8221; gradient_direction=&#8221;left_to_right&#8221; overlay_strength=&#8221;0.3&#8243; width=&#8221;1\/1&#8243; tablet_width_inherit=&#8221;default&#8221; tablet_text_alignment=&#8221;default&#8221; phone_text_alignment=&#8221;default&#8221; column_border_width=&#8221;none&#8221; column_border_style=&#8221;solid&#8221; bg_image_animation=&#8221;none&#8221;][vc_column_text]\n<h2 style=\"text-align: center;\">AV\u00cdS LEGAL<\/h2>\n<p>&nbsp;<\/p>\n<p>De conformitat amb el que es disposa en els articles 10 i 11 de la Llei 34\/2002, d&#8217;11 de juliol, de Serveis de la Societat de la Informaci\u00f3 i de Comer\u00e7 Electr\u00f2nic es posa a la disposici\u00f3 dels usuaris i visitants la informaci\u00f3 legal relativa a l&#8217;entitat propiet\u00e0ria del lloc web situat en l&#8217;adre\u00e7a d&#8217;Internet www.tienda.coinga.com<\/p>\n<p><strong><u>Titular de la p\u00e0gina web.<\/u><\/strong><\/p>\n<p>Denominaci\u00f3 social: COOPERATIVA INSULAR GANADERA DE MENORCA<\/p>\n<p>CIF\/NIF: F07016728<\/p>\n<p>Domicili: CTRA. NOVA S\/N 07730 ALAIOR, ISLAS BALEARES<\/p>\n<p>Adre\u00e7a de correu electr\u00f2nic: administracion@coinga.com<\/p>\n<p>Tel\u00e8fon: 971371227<\/p>\n<p>Activitat: Elaboraci\u00f3 de productes lactis<\/p>\n<p>&nbsp;<\/p>\n<p><strong>Condicions d&#8217;\u00fas:<\/strong><\/p>\n<p>Per a navegar en aquesta p\u00e0gina web com a visitant o per a registrar-se i poder accedir als serveis oferts per COOPERATIVA INSULAR GANADERA DE MENORCA, s&#8217;hauran d&#8217;acceptar les seg\u00fcents condicions de servei i \u00fas:<\/p>\n<ol>\n<li>L&#8217;usuari assumeix les presents condicions generals d&#8217;\u00fas i servei de la p\u00e0gina web www.tienda.coinga.com. Si l&#8217;usuari no accepta les presents condicions, no podr\u00e0 fer \u00fas dels serveis i continguts de la p\u00e0gina web www.tienda.coinga.com .<\/li>\n<\/ol>\n<p>&nbsp;<\/p>\n<ol>\n<li>Les presents condicions d&#8217;\u00fas regulen l&#8217;acc\u00e9s i utilitzaci\u00f3 de la p\u00e0gina web www.tienda.coinga.com La utilitzaci\u00f3 d&#8217;aquesta web li atribueix la condici\u00f3 d&#8217;usuari des de l&#8217;acc\u00e9s i inici de la navegaci\u00f3 en aquesta. Des del moment d&#8217;acc\u00e9s a qualsevol dels seus continguts, l&#8217;usuari accepta de manera expressa les presents condicions generals. L&#8217;usuari accepta les condicions particulars aplicables dels diferents serveis que ofereix l&#8217;entitat en la web a la qual accedeix.<\/li>\n<li>A trav\u00e9s de la p\u00e0gina web, www.tienda.coinga.com es facilita als usuaris l&#8217;acc\u00e9s i la utilitzaci\u00f3 de diversa informaci\u00f3 i diversos serveis.<\/li>\n<li>L&#8217;usuari ha de ser major d&#8217;edat per a utilitzar els serveis de la web www.tienda.coinga.com . Els menors de 18 anys nom\u00e9s podran utilitzar els Serveis de la Web www.tienda.coinga.com sota la supervisi\u00f3 d&#8217;un progenitor o un tutor legal.<\/li>\n<li>L&#8217;usuari es compromet a realitzar un \u00fas adequat dels continguts i serveis de la p\u00e0gina web www.tienda.coinga.com . Aquest \u00fas ha de realitzar-se de conformitat amb la Llei, els bons costums, l&#8217;ordre p\u00fablic i amb el que es disposa en les presents condicions generals.<\/li>\n<li>Amb car\u00e0cter general, per a la prestaci\u00f3 dels serveis i l&#8217;acc\u00e9s a la informaci\u00f3 de la p\u00e0gina web no s&#8217;exigeix la pr\u00e8via subscripci\u00f3 o registre de l&#8217;usuari. No obstant aix\u00f2, COOPERATIVA INSULAR GANADERA DE MENORCA condiciona la utilitzaci\u00f3 d&#8217;alguns dels serveis, oferts en la web al previ emplenament del corresponent registre o formulari de recollida de dades de car\u00e0cter personal de l&#8217;usuari. El citat registre s&#8217;efectuar\u00e0 en la forma expressament indicada en el propi servei o en les condicions particulars que, en el seu cas, el regulin.<\/li>\n<\/ol>\n<p>&nbsp;<\/p>\n<ol>\n<li>L&#8217;usuari assumeix l&#8217;obligaci\u00f3 de no realitzar cap actuaci\u00f3 que pugui danyar, inutilitzar, fer inaccessible o deteriorar els continguts, els serveis i\/o impedir un normal gaudi de la p\u00e0gina web www.tienda.coinga.com per altres usuaris. En particular, i a t\u00edtol merament enunciatiu i no limitatiu, l&#8217;usuari es compromet a:<\/li>\n<\/ol>\n<p>No realitzar cap acci\u00f3 que pugui afectar, destruir, alterar, inutilitzar o danyar dades de car\u00e0cter personal, programes o documents electr\u00f2nics que es trobin en la web.<\/p>\n<p>No introduir, emmagatzemar o difondre cap programa d&#8217;ordinador, dades, virus o codi que sigui susceptible de causar danys en la p\u00e0gina web, en qualsevol dels serveis, o en qualsevol dels equips, sistemes o xarxes de l&#8217;entitat, de qualsevol altre usuari i\/o de qualsevol prove\u00efdor de l&#8217;entitat.<\/p>\n<p><strong>Modificacions.<\/strong><\/p>\n<p>L&#8217;entitat es reserva el dret a modificar unilateralment en qualsevol moment les presents condicions a causa de l&#8217;exist\u00e8ncia de noves circumst\u00e0ncies econ\u00f2miques i\/o comercials que aix\u00ed ho aconsellin, aix\u00ed com per la modificaci\u00f3, evoluci\u00f3 i promulgaci\u00f3 de lleis, reglaments i normes d&#8217;aplicaci\u00f3 que afectin la prestaci\u00f3 del servei i\/o aspectes connexos a aix\u00f2. En aquests casos, es procedir\u00e0 a la seva publicaci\u00f3 i av\u00eds amb la m\u00e0xima antelaci\u00f3 possible. D&#8217;igual manera, es reserva el dret a modificar, unilateralment en qualsevol moment la presentaci\u00f3 i configuraci\u00f3 de la web.<\/p>\n<p><strong>Enlla\u00e7os amb tercers.<\/strong><\/p>\n<p>El present Av\u00eds Legal es refereix \u00fanicament a la p\u00e0gina web, i no s&#8217;aplica als enlla\u00e7os o a les p\u00e0gines web de tercers accessibles a trav\u00e9s de la p\u00e0gina web. L&#8217;entitat no \u00e9s responsable del contingut de cap de les p\u00e0gines web de dest\u00ed d&#8217;un enlla\u00e7, ni de cap enlla\u00e7 incl\u00f2s en una p\u00e0gina web a la qual s&#8217;arribi des de la web de l&#8217;entitat.<\/p>\n<p><strong>Propietat Intel\u00b7lectual.<\/strong><\/p>\n<p>Tots els continguts de la p\u00e0gina web s\u00f3n titularitat exclusiva de l&#8217;entitat i, amb car\u00e0cter enunciatiu, que no limitatiu, el disseny gr\u00e0fic, codi font, logos, textos, gr\u00e0fics, il\u00b7lustracions, fotografies, i altres elements que apareixen en la p\u00e0gina web. Aix\u00ed mateix els noms comercials, marques o signes distintius de qualsevol classe continguts en la p\u00e0gina web estan protegits per la Llei de propietat intel\u00b7lectual i industrial. Correspon a l&#8217;entitat l&#8217;exercici exclusiu dels drets d&#8217;explotaci\u00f3 de la propietat intel\u00b7lectual esmentada, en qualsevol forma i, especialment, els drets de reproducci\u00f3, distribuci\u00f3 i comunicaci\u00f3 p\u00fablica. L&#8217;usuari t\u00e9 prohibit qualsevol \u00fas no consentit total o parcial de qualsevol dels continguts de la p\u00e0gina web que integren els drets de propietat intel\u00b7lectual o industrial de l&#8217;entitat sobre la p\u00e0gina i\/o els seus continguts.<\/p>\n<p>&nbsp;<\/p>\n<p>L&#8217;entitat es reserva el dret a realitzar qualsevol tipus d&#8217;acci\u00f3 legal contra qualsevol usuari que realitzi una acci\u00f3 que impliqui reproducci\u00f3, distribuci\u00f3, comercialitzaci\u00f3, transformaci\u00f3 i, en general, qualsevol altra forma d&#8217;explotaci\u00f3, per qualsevol procediment, de tot o part dels continguts de la p\u00e0gina web, i que constitueixi una infracci\u00f3 dels drets de propietat intel\u00b7lectual i\/o industrial d&#8217;aquesta.<\/p>\n<p><strong>Notificacions.<\/strong><\/p>\n<p>A l&#8217;efecte de les presents condicions generals, i per a qualsevol comunicaci\u00f3 que sigui precisa entre l&#8217;entitat i l&#8217;usuari, aquest \u00faltim haur\u00e0 de fer \u00fas del correu electr\u00f2nic administracion@coinga.com. Les comunicacions de l&#8217;entitat a l&#8217;usuari es realitzaran conforme a les dades de car\u00e0cter personal aportats per aquest \u00faltim en registrarse en la p\u00e0gina web www.tienda.coinga.com \u00a0L&#8217;usuari accepta expressament i per a totes les comunicacions relacionades amb la utilitzaci\u00f3 de la p\u00e0gina web i\/o la contractaci\u00f3 dels serveis oferts en aquesta, la utilitzaci\u00f3 del correu electr\u00f2nic com a procediment v\u00e0lid per a la remissi\u00f3 d&#8217;aquestes comunicacions.<\/p>\n<p><strong>Legislaci\u00f3 aplicable<\/strong><\/p>\n<p>Les relacions establertes entre el titular de la p\u00e0gina web i l&#8217;usuari es regiran per la normativa espanyola vigent, i la resoluci\u00f3 de qualsevol possible controv\u00e8rsia que pugui sorgir quedar\u00e0 sotmesa als Jutjats i Tribunals competents. En el cas que l&#8217;usuari tingui la condici\u00f3 de consumidor, seran competents els Jutjats i Tribunals que corresponguin segons el que es preveu en la normativa de consumidors vigent.[\/vc_column_text][\/vc_column][\/vc_row]\n","protected":false},"excerpt":{"rendered":"<p>[vc_row type=&#8221;in_container&#8221; full_screen_row_position=&#8221;middle&#8221; column_margin=&#8221;default&#8221; column_direction=&#8221;default&#8221; column_direction_tablet=&#8221;default&#8221; column_direction_phone=&#8221;default&#8221; scene_position=&#8221;center&#8221; text_color=&#8221;dark&#8221; text_align=&#8221;left&#8221; row_border_radius=&#8221;none&#8221; row_border_radius_applies=&#8221;bg&#8221; overlay_strength=&#8221;0.3&#8243; gradient_direction=&#8221;left_to_right&#8221; shape_divider_position=&#8221;bottom&#8221; bg_image_animation=&#8221;none&#8221;][vc_column column_padding=&#8221;no-extra-padding&#8221; column_padding_tablet=&#8221;inherit&#8221; column_padding_phone=&#8221;inherit&#8221; column_padding_position=&#8221;all&#8221; background_color_opacity=&#8221;1&#8243; background_hover_color_opacity=&#8221;1&#8243; column_shadow=&#8221;none&#8221; column_border_radius=&#8221;none&#8221; column_link_target=&#8221;_self&#8221;&#8230;<\/p>\n","protected":false},"author":1,"featured_media":0,"parent":0,"menu_order":0,"comment_status":"closed","ping_status":"closed","template":"","meta":{"footnotes":""},"class_list":["post-3664","page","type-page","status-publish"],"_links":{"self":[{"href":"https:\/\/tienda.coinga.com\/ca\/wp-json\/wp\/v2\/pages\/3664"}],"collection":[{"href":"https:\/\/tienda.coinga.com\/ca\/wp-json\/wp\/v2\/pages"}],"about":[{"href":"https:\/\/tienda.coinga.com\/ca\/wp-json\/wp\/v2\/types\/page"}],"author":[{"embeddable":true,"href":"https:\/\/tienda.coinga.com\/ca\/wp-json\/wp\/v2\/users\/1"}],"replies":[{"embeddable":true,"href":"https:\/\/tienda.coinga.com\/ca\/wp-json\/wp\/v2\/comments?post=3664"}],"version-history":[{"count":0,"href":"https:\/\/tienda.coinga.com\/ca\/wp-json\/wp\/v2\/pages\/3664\/revisions"}],"wp:attachment":[{"href":"https:\/\/tienda.coinga.com\/ca\/wp-json\/wp\/v2\/media?parent=3664"}],"curies":[{"name":"wp","href":"https:\/\/api.w.org\/{rel}","templated":true}]}}